{"id":1020,"date":"2018-10-09T18:54:02","date_gmt":"2018-10-09T18:54:02","guid":{"rendered":"https:\/\/sunway.freevision.me\/?page_id=1020"},"modified":"2026-02-13T12:12:02","modified_gmt":"2026-02-13T11:12:02","slug":"hereinspaziert","status":"publish","type":"page","link":"https:\/\/brunnenhof-bruttig-fankel.de\/en\/ueber-uns\/hereinspaziert\/","title":{"rendered":"Hereinspaziert"},"content":{"rendered":"<div class=\"wpb-content-wrapper\"><div class=\"vc_row wpb_row vc_row-fluid vc_column-gap-0\"><div class=\"wpb_column vc_column_container vc_col-sm-12\"><div class=\"vc_column-inner\"><div class=\"wpb_wrapper\">\n\t<div class=\"wpb_text_column wpb_content_element\" >\n\t\t<div class=\"wpb_wrapper\">\n\t\t\t<p style=\"text-align: center;\">\n\n\t\t<\/div>\n\t<\/div>\n<\/div><\/div><\/div><\/div><div data-vc-full-width=\"true\" data-vc-full-width-init=\"false\" data-vc-stretch-content=\"true\" class=\"vc_row wpb_row vc_row-fluid vc_custom_1539111657580 vc_column-gap-0 vc_row-no-padding vc_row-o-content-middle vc_row-flex\"><div class=\"wpb_column vc_column_container vc_col-sm-12\"><div class=\"vc_column-inner vc_custom_1589883407172\"><div class=\"wpb_wrapper\"><h1 style=\"text-align: center\" class=\"vc_custom_heading vc_custom_1589883392294\" >Hereinspaziert...<\/h1><div class=\"vc_empty_space\"   style=\"height: 20px\"><span class=\"vc_empty_space_inner\"><\/span><\/div><p style=\"text-align: center\" class=\"vc_custom_heading\" >...und herzlich Willkommen zu einem Urlaub mitten im Reich des Weines!<br \/>\nWir, die Familie Reiner und Ellen Lenz, begr\u00fc\u00dfen Sie recht herzlich.<\/p><h3 style=\"text-align: center\" class=\"vc_custom_heading\" >Schauen Sie sich um - wir freuen uns auf Sie!<\/h3><div class=\"vc_empty_space\"   style=\"height: 50px\"><span class=\"vc_empty_space_inner\"><\/span><\/div><\/div><\/div><\/div><\/div><div class=\"vc_row-full-width vc_clearfix\"><\/div><div data-vc-full-width=\"true\" data-vc-full-width-init=\"false\" data-vc-stretch-content=\"true\" class=\"vc_row wpb_row vc_row-fluid vc_custom_1539111657580 vc_column-gap-0 vc_row-no-padding vc_row-o-content-middle vc_row-flex\"><div class=\"wpb_column vc_column_container vc_col-sm-8\"><div class=\"vc_column-inner vc_custom_1539111046307\"><div class=\"wpb_wrapper\">\r\n\t<div  class=\"wpb_single_image wpb_content_element vc_align_left  vc_custom_1589444323507\">\r\n\t\t\r\n\t\t<figure class=\"wpb_wrapper vc_figure\">\r\n\t\t\t<div class=\"vc_single_image-wrapper img-wrapper   vc_box_border_grey\"><img fetchpriority=\"high\" decoding=\"async\" width=\"1500\" height=\"680\" src=\"https:\/\/brunnenhof-bruttig-fankel.de\/wp-content\/uploads\/2020\/05\/hereinspaziert_1.jpg\" class=\"vc_single_image-img attachment-full\" alt=\"\" title=\"hereinspaziert_1\" srcset=\"https:\/\/brunnenhof-bruttig-fankel.de\/wp-content\/uploads\/2020\/05\/hereinspaziert_1.jpg 1500w, https:\/\/brunnenhof-bruttig-fankel.de\/wp-content\/uploads\/2020\/05\/hereinspaziert_1-600x272.jpg 600w, https:\/\/brunnenhof-bruttig-fankel.de\/wp-content\/uploads\/2020\/05\/hereinspaziert_1-300x136.jpg 300w, https:\/\/brunnenhof-bruttig-fankel.de\/wp-content\/uploads\/2020\/05\/hereinspaziert_1-1024x464.jpg 1024w, https:\/\/brunnenhof-bruttig-fankel.de\/wp-content\/uploads\/2020\/05\/hereinspaziert_1-768x348.jpg 768w, https:\/\/brunnenhof-bruttig-fankel.de\/wp-content\/uploads\/2020\/05\/hereinspaziert_1-1144x519.jpg 1144w\" sizes=\"(max-width: 1500px) 100vw, 1500px\" \/><\/div>\r\n\t\t<\/figure>\r\n\t<\/div>\r\n<\/div><\/div><\/div><div class=\"wpb_column vc_column_container vc_col-sm-4 zero-mobile-padding zero-mobile-margin\"><div class=\"vc_column-inner vc_custom_1542141734907\"><div class=\"wpb_wrapper\"><h4 class=\"ozy-divider-cap-center wpb_content_element\"  style=\"color:#2f2b2c\" >Der Urlaub kann beginnen<\/h4><div class=\"ozy-content-divider sh4\" style=\"border-top-style:solid;border-top-width:2px;border-top-color:#2f2b2c!important;width:60px;max-width:60px;margin:20px auto;\"><\/div>\n\t<div class=\"wpb_text_column wpb_content_element\" >\n\t\t<div class=\"wpb_wrapper\">\n\t\t\t<p style=\"text-align: center;\">&#8230; geschmackvoll eingerichtete G\u00e4stezimmer mit Sitzgelegenheit, Kaffee-Tee Station, Safe im Schrank, kleiner K\u00fchlschrank f\u00fcr Ihre Getr\u00e4nke oder Medikamente sowie unser Appartement Riesling und das Studio Rivaner erwarten Sie.<\/p>\n<p style=\"text-align: center;\">Alle mit TV, Dusche und WC.<\/p>\n<p style=\"text-align: center;\">Dazu viele M\u00f6glichkeiten mit dem kostenlosen G\u00e4steticket. Das hei\u00dft f\u00fcr Sie:<br \/>\nGenie\u00dfen Sie Ihren Urlaub mobil\u00a0 -mit Chauffeur!<\/p>\n<p style=\"text-align: center;\">Bus und Bahn kostenlos im gesamten VRM &#8211; Gebiet<\/p>\n<p style=\"text-align: center;\">Auch im Angebot:<\/p>\n<p style=\"text-align: center;\">\u00a0 \u00a0 \u00a0Unsere 60 qm Ferienwohnung Vino f\u00fcr 2 Personen incl. Br\u00f6tchenservice ganzj\u00e4hrig!<\/p>\n\n\t\t<\/div>\n\t<\/div>\n<span  id=\"wofcb-1\" class=\"ozy-custom_button_w\"><a id=\"ofcb-1\" style=\"--data-bordercolor:#c19b76\" class=\"ozy-custom_button ocbtn-1\"  href=\"https:\/\/brunnenhof-bruttig-fankel.de\/en\/zimmer\/\"  target=\"_self\" >G\u00e4stezimmer<\/a><\/span><\/div><\/div><\/div><\/div><div class=\"vc_row-full-width vc_clearfix\"><\/div><div data-vc-full-width=\"true\" data-vc-full-width-init=\"false\" data-vc-stretch-content=\"true\" class=\"vc_row wpb_row vc_row-fluid vc_custom_1539111657580 vc_column-gap-0 vc_row-no-padding vc_row-o-content-middle vc_row-flex\"><div class=\"wpb_column vc_column_container vc_col-sm-4 zero-mobile-padding zero-mobile-margin\"><div class=\"vc_column-inner vc_custom_1542141774199\"><div class=\"wpb_wrapper\"><h4 class=\"ozy-divider-cap-center wpb_content_element\"  style=\"color:#2f2b2c\" >Ein leckerer Start in den Tag<\/h4><div class=\"ozy-content-divider sh4\" style=\"border-top-style:solid;border-top-width:2px;border-top-color:#2f2b2c!important;width:60px;max-width:60px;margin:20px auto;\"><\/div>\n\t<div class=\"wpb_text_column wpb_content_element\" >\n\t\t<div class=\"wpb_wrapper\">\n\t\t\t<p style=\"text-align: center;\">&#8230;mit allem was das Herz begehrt<\/p>\n<p style=\"text-align: center;\">Hereinspaziert in unsere Weinstube!<\/p>\n<p style=\"text-align: center;\">Es erwartet Sie ein leckeres Fr\u00fchst\u00fccksbufett dazu knusprige Br\u00f6tchen und Brot<\/p>\n<p style=\"text-align: center;\">Hausgemachte Marmelade, Quark, Fruchtsaft, Wurst und K\u00e4se, M\u00fcslibufett mit Joghurt Cerialien und frischem Obst<\/p>\n<p style=\"text-align: center;\">Ein frisch zubereitetes Fr\u00fchst\u00fccksei: R\u00fchrei, Spiegelei oder gekocht und es duftet nach Kaffee.<\/p>\n<p style=\"text-align: center;\">Lecker als Fr\u00fchst\u00fccksbufett, Kaffee,Tee und Kakao sowie Brot und Br\u00f6tchen serviert, denn Sie haben Urlaub!<\/p>\n\n\t\t<\/div>\n\t<\/div>\n<\/div><\/div><\/div><div class=\"wpb_column vc_column_container vc_col-sm-8\"><div class=\"vc_column-inner vc_custom_1539111939155\"><div class=\"wpb_wrapper\">\r\n\t<div  class=\"wpb_single_image wpb_content_element vc_align_left  vc_custom_1589444532459\">\r\n\t\t\r\n\t\t<figure class=\"wpb_wrapper vc_figure\">\r\n\t\t\t<div class=\"vc_single_image-wrapper img-wrapper   vc_box_border_grey\"><img decoding=\"async\" width=\"1500\" height=\"680\" src=\"https:\/\/brunnenhof-bruttig-fankel.de\/wp-content\/uploads\/2020\/05\/hereinspaziert_2.jpg\" class=\"vc_single_image-img attachment-full\" alt=\"\" title=\"hereinspaziert_2\" srcset=\"https:\/\/brunnenhof-bruttig-fankel.de\/wp-content\/uploads\/2020\/05\/hereinspaziert_2.jpg 1500w, https:\/\/brunnenhof-bruttig-fankel.de\/wp-content\/uploads\/2020\/05\/hereinspaziert_2-600x272.jpg 600w, https:\/\/brunnenhof-bruttig-fankel.de\/wp-content\/uploads\/2020\/05\/hereinspaziert_2-300x136.jpg 300w, https:\/\/brunnenhof-bruttig-fankel.de\/wp-content\/uploads\/2020\/05\/hereinspaziert_2-1024x464.jpg 1024w, https:\/\/brunnenhof-bruttig-fankel.de\/wp-content\/uploads\/2020\/05\/hereinspaziert_2-768x348.jpg 768w, https:\/\/brunnenhof-bruttig-fankel.de\/wp-content\/uploads\/2020\/05\/hereinspaziert_2-1144x519.jpg 1144w\" sizes=\"(max-width: 1500px) 100vw, 1500px\" \/><\/div>\r\n\t\t<\/figure>\r\n\t<\/div>\r\n<\/div><\/div><\/div><\/div><div class=\"vc_row-full-width vc_clearfix\"><\/div><div data-vc-full-width=\"true\" data-vc-full-width-init=\"false\" data-vc-stretch-content=\"true\" class=\"vc_row wpb_row vc_row-fluid vc_custom_1539111657580 vc_column-gap-0 vc_row-no-padding vc_row-o-content-middle vc_row-flex\"><div class=\"wpb_column vc_column_container vc_col-sm-8\"><div class=\"vc_column-inner vc_custom_1539111046307\"><div class=\"wpb_wrapper\">\r\n\t<div  class=\"wpb_single_image wpb_content_element vc_align_left  vc_custom_1594277925295\">\r\n\t\t\r\n\t\t<figure class=\"wpb_wrapper vc_figure\">\r\n\t\t\t<div class=\"vc_single_image-wrapper img-wrapper   vc_box_border_grey\"><img decoding=\"async\" width=\"1024\" height=\"576\" src=\"https:\/\/brunnenhof-bruttig-fankel.de\/wp-content\/uploads\/2020\/07\/M\u00fcsliecke.jpg\" class=\"vc_single_image-img attachment-full\" alt=\"\" title=\"M\u00fcsliecke\" srcset=\"https:\/\/brunnenhof-bruttig-fankel.de\/wp-content\/uploads\/2020\/07\/M\u00fcsliecke.jpg 1024w, https:\/\/brunnenhof-bruttig-fankel.de\/wp-content\/uploads\/2020\/07\/M\u00fcsliecke-300x169.jpg 300w, https:\/\/brunnenhof-bruttig-fankel.de\/wp-content\/uploads\/2020\/07\/M\u00fcsliecke-768x432.jpg 768w, https:\/\/brunnenhof-bruttig-fankel.de\/wp-content\/uploads\/2020\/07\/M\u00fcsliecke-600x338.jpg 600w\" sizes=\"(max-width: 1024px) 100vw, 1024px\" \/><\/div>\r\n\t\t<\/figure>\r\n\t<\/div>\r\n<\/div><\/div><\/div><div class=\"wpb_column vc_column_container vc_col-sm-4 zero-mobile-padding zero-mobile-margin\"><div class=\"vc_column-inner vc_custom_1542141782215\"><div class=\"wpb_wrapper\"><h4 class=\"ozy-divider-cap-center wpb_content_element\"  style=\"color:#2f2b2c\" >Unsere M\u00fcsliecke<\/h4><div class=\"ozy-content-divider sh4\" style=\"border-top-style:solid;border-top-width:2px;border-top-color:#2f2b2c!important;width:60px;max-width:60px;margin:20px auto;\"><\/div>\n\t<div class=\"wpb_text_column wpb_content_element\" >\n\t\t<div class=\"wpb_wrapper\">\n\t\t\t<p style=\"text-align: center;\">&#8230;wird Sie begeistern.<\/p>\n<p style=\"text-align: center;\">Verschiedene Cerialien, K\u00f6rner und frische Milch.<br \/>\nDazu eine gro\u00dfe Auswahl frisch zubereiteter Fr\u00fcchte der Saison.<br \/>\nJetzt kann der Tag kommen!<\/p>\n\n\t\t<\/div>\n\t<\/div>\n<\/div><\/div><\/div><\/div><div class=\"vc_row-full-width vc_clearfix\"><\/div><div data-vc-full-width=\"true\" data-vc-full-width-init=\"false\" data-vc-stretch-content=\"true\" class=\"vc_row wpb_row vc_row-fluid vc_custom_1539111657580 vc_column-gap-0 vc_row-no-padding vc_row-o-content-middle vc_row-flex\"><div class=\"wpb_column vc_column_container vc_col-sm-4 zero-mobile-padding zero-mobile-margin\"><div class=\"vc_column-inner vc_custom_1542141791002\"><div class=\"wpb_wrapper\"><h4 class=\"ozy-divider-cap-center wpb_content_element\"  style=\"color:#2f2b2c\" >Halbpension<\/h4><div class=\"ozy-content-divider sh4\" style=\"border-top-style:solid;border-top-width:2px;border-top-color:#2f2b2c!important;width:60px;max-width:60px;margin:20px auto;\"><\/div>\n\t<div class=\"wpb_text_column wpb_content_element\" >\n\t\t<div class=\"wpb_wrapper\">\n\t\t\t<p style=\"text-align: center;\"><b>Hmmm&#8230; lecker &amp; frisch<\/b><\/p>\n<p style=\"text-align: center;\">Neu ab 2026<\/p>\n<p style=\"text-align: center;\">Montag, Dienstag und Mittwoch<\/p>\n<p style=\"text-align: center;\">von 18.00 bis 20.00 Uhr<\/p>\n<p style=\"text-align: center;\"><b>Kleine Leckereien aus der Winzerk\u00fcche<\/b><\/p>\n<p style=\"text-align: center;\">W\u00e4hlen Sie aus unserer\u00a0 Vesperkarte<\/p>\n<p style=\"text-align: center;\">***<\/p>\n<p style=\"text-align: center;\">Freitags &#8211; <strong>Flammkuchenabend<\/strong><\/p>\n<p style=\"text-align: center;\">Samstags <strong>Grillabend<\/strong> ( nach Anmeldung mind. 8 Personen)<\/p>\n<p style=\"text-align: center;\">ansonsten Vesperm\u00f6glichkeit<\/p>\n<p style=\"text-align: center;\">Hier kreiert die Chefin!<\/p>\n<p style=\"text-align: center;\">Dazu passend ausgew\u00e4hlte Weine &#8211; aus eigenem Anbau<\/p>\n<p style=\"text-align: center;\">***<\/p>\n<p style=\"text-align: center;\">Donnerstag und Sonntag nach dem Fr\u00fchst\u00fcck Ruhetag!<\/p>\n\n\t\t<\/div>\n\t<\/div>\n<\/div><\/div><\/div><div class=\"wpb_column vc_column_container vc_col-sm-8\"><div class=\"vc_column-inner vc_custom_1539111939155\"><div class=\"wpb_wrapper\">\r\n\t<div  class=\"wpb_single_image wpb_content_element vc_align_left  vc_custom_1742412381946\">\r\n\t\t\r\n\t\t<figure class=\"wpb_wrapper vc_figure\">\r\n\t\t\t<div class=\"vc_single_image-wrapper img-wrapper   vc_box_border_grey\"><img loading=\"lazy\" decoding=\"async\" width=\"2560\" height=\"1440\" src=\"https:\/\/brunnenhof-bruttig-fankel.de\/wp-content\/uploads\/2021\/06\/P4140011-scaled.jpg\" class=\"vc_single_image-img attachment-full\" alt=\"\" title=\"OLYMPUS DIGITAL CAMERA\" srcset=\"https:\/\/brunnenhof-bruttig-fankel.de\/wp-content\/uploads\/2021\/06\/P4140011-scaled.jpg 2560w, https:\/\/brunnenhof-bruttig-fankel.de\/wp-content\/uploads\/2021\/06\/P4140011-300x169.jpg 300w, https:\/\/brunnenhof-bruttig-fankel.de\/wp-content\/uploads\/2021\/06\/P4140011-1024x576.jpg 1024w, https:\/\/brunnenhof-bruttig-fankel.de\/wp-content\/uploads\/2021\/06\/P4140011-768x432.jpg 768w, https:\/\/brunnenhof-bruttig-fankel.de\/wp-content\/uploads\/2021\/06\/P4140011-1536x864.jpg 1536w, https:\/\/brunnenhof-bruttig-fankel.de\/wp-content\/uploads\/2021\/06\/P4140011-2048x1152.jpg 2048w, https:\/\/brunnenhof-bruttig-fankel.de\/wp-content\/uploads\/2021\/06\/P4140011-16x9.jpg 16w, https:\/\/brunnenhof-bruttig-fankel.de\/wp-content\/uploads\/2021\/06\/P4140011-1144x644.jpg 1144w, https:\/\/brunnenhof-bruttig-fankel.de\/wp-content\/uploads\/2021\/06\/P4140011-600x338.jpg 600w\" sizes=\"(max-width: 2560px) 100vw, 2560px\" \/><\/div>\r\n\t\t<\/figure>\r\n\t<\/div>\r\n<\/div><\/div><\/div><\/div><div class=\"vc_row-full-width vc_clearfix\"><\/div><div data-vc-full-width=\"true\" data-vc-full-width-init=\"false\" data-vc-stretch-content=\"true\" class=\"vc_row wpb_row vc_row-fluid vc_custom_1539111657580 vc_column-gap-0 vc_row-no-padding vc_row-o-content-middle vc_row-flex\"><div class=\"wpb_column vc_column_container vc_col-sm-8\"><div class=\"vc_column-inner vc_custom_1539111046307\"><div class=\"wpb_wrapper\">\r\n\t<div  class=\"wpb_single_image wpb_content_element vc_align_left  vc_custom_1594642281923\">\r\n\t\t\r\n\t\t<figure class=\"wpb_wrapper vc_figure\">\r\n\t\t\t<div class=\"vc_single_image-wrapper img-wrapper   vc_box_border_grey\"><img loading=\"lazy\" decoding=\"async\" width=\"2560\" height=\"1440\" src=\"https:\/\/brunnenhof-bruttig-fankel.de\/wp-content\/uploads\/2020\/07\/20200528_143141-scaled.jpg\" class=\"vc_single_image-img attachment-full\" alt=\"\" title=\"20200528_143141\" srcset=\"https:\/\/brunnenhof-bruttig-fankel.de\/wp-content\/uploads\/2020\/07\/20200528_143141-scaled.jpg 2560w, https:\/\/brunnenhof-bruttig-fankel.de\/wp-content\/uploads\/2020\/07\/20200528_143141-300x169.jpg 300w, https:\/\/brunnenhof-bruttig-fankel.de\/wp-content\/uploads\/2020\/07\/20200528_143141-1024x576.jpg 1024w, https:\/\/brunnenhof-bruttig-fankel.de\/wp-content\/uploads\/2020\/07\/20200528_143141-768x432.jpg 768w, https:\/\/brunnenhof-bruttig-fankel.de\/wp-content\/uploads\/2020\/07\/20200528_143141-1536x864.jpg 1536w, https:\/\/brunnenhof-bruttig-fankel.de\/wp-content\/uploads\/2020\/07\/20200528_143141-2048x1152.jpg 2048w, https:\/\/brunnenhof-bruttig-fankel.de\/wp-content\/uploads\/2020\/07\/20200528_143141-1144x644.jpg 1144w, https:\/\/brunnenhof-bruttig-fankel.de\/wp-content\/uploads\/2020\/07\/20200528_143141-600x338.jpg 600w\" sizes=\"(max-width: 2560px) 100vw, 2560px\" \/><\/div>\r\n\t\t<\/figure>\r\n\t<\/div>\r\n<\/div><\/div><\/div><div class=\"wpb_column vc_column_container vc_col-sm-4 zero-mobile-padding zero-mobile-margin\"><div class=\"vc_column-inner vc_custom_1542141782215\"><div class=\"wpb_wrapper\"><h4 class=\"ozy-divider-cap-center wpb_content_element\"  style=\"color:#2f2b2c\" >Sonnenterasse und Garten<\/h4><div class=\"ozy-content-divider sh4\" style=\"border-top-style:solid;border-top-width:2px;border-top-color:#2f2b2c!important;width:60px;max-width:60px;margin:20px auto;\"><\/div>\n\t<div class=\"wpb_text_column wpb_content_element\" >\n\t\t<div class=\"wpb_wrapper\">\n\t\t\t<p style=\"text-align: center;\">Bei Sonnenschein&#8230;<\/p>\n<p style=\"text-align: center;\">&#8230;l\u00e4sst es sich auf der Gartenterrasse so richtig sch\u00f6n faulenzen.<br \/>\nSie haben alle Zeit der Welt und k\u00f6nnen die Ruhe genie\u00dfen.<br \/>\nDas haben Sie sicher schon lange nicht mehr geAm Abend (bis 22.00 Uhr) finden sich hier G\u00e4ste gerne zusammen.<br \/>\nEs wird gelacht und gescherzt, &#8222;gefachsimpelt&#8220; und so manches Glas Wein geleert! \u00a0So geht ein sch\u00f6ner Urlaubstag zu Ende!<\/p>\n<p style=\"text-align: center;\">Ab 22.00 Uhr geht es gerne noch f\u00fcr einen kleinen Absacker in die Weinstube denn wir g\u00f6nnen unseren G\u00e4sten gerne eine ungest\u00f6rte Nachtruhe ab 22.00 Uhr zur Terrassenseite hin.<\/p>\n\n\t\t<\/div>\n\t<\/div>\n<\/div><\/div><\/div><\/div><div class=\"vc_row-full-width vc_clearfix\"><\/div><div data-vc-full-width=\"true\" data-vc-full-width-init=\"false\" data-vc-stretch-content=\"true\" class=\"vc_row wpb_row vc_row-fluid vc_custom_1539111657580 vc_column-gap-0 vc_row-no-padding vc_row-o-content-middle vc_row-flex\"><div class=\"wpb_column vc_column_container vc_col-sm-4 zero-mobile-padding zero-mobile-margin\"><div class=\"vc_column-inner vc_custom_1542141791002\"><div class=\"wpb_wrapper\"><h4 class=\"ozy-divider-cap-center wpb_content_element\"  style=\"color:#2f2b2c\" >Parkplatz<\/h4><div class=\"ozy-content-divider sh4\" style=\"border-top-style:solid;border-top-width:2px;border-top-color:#2f2b2c!important;width:60px;max-width:60px;margin:20px auto;\"><\/div>\n\t<div class=\"wpb_text_column wpb_content_element\" >\n\t\t<div class=\"wpb_wrapper\">\n\t\t\t<p>Unser Parkplatz<\/p>\n<p style=\"text-align: center;\">&#8230;liegt hinter dem Haus.<br \/>\nBei der Ankunft haben Sie so die M\u00f6glichkeit direkt am Haus kostenlos zu parken, um in Ruhe anzukommen und auszuladen.<\/p>\n<p style=\"text-align: center;\">Ihre Fahrr\u00e4der + bei gen\u00fcgend Platz auch Motorr\u00e4der &#8222;\u00fcbernachten&#8220; bei uns kostenlos in einer Garage.<\/p>\n<p style=\"text-align: center;\">\u00a0 \u00a0 \u00a0 Hier finden Sie auch die Aufladem\u00f6glichkeit f\u00fcr die Akkus Ihrer E-bikes<\/p>\n<p style=\"text-align: center;\">Bitte an Ladestation und Ladekabel denken. Steckdosen und Verl\u00e4ngerungen halten wir bereit!<\/p>\n\n\t\t<\/div>\n\t<\/div>\n<span  id=\"wofcb-2\" class=\"ozy-custom_button_w\"><a id=\"ofcb-2\" style=\"--data-bordercolor:#000000\" class=\"ozy-custom_button ocbtn-0\"  href=\"https:\/\/brunnenhof-bruttig-fankel.de\/wp-content\/uploads\/2025\/01\/Brunnenhof_PensionPreise_24_08_27_K2_RZ.pdf\"  target=\"_blank\" >Download Zimmerpreise<\/a><\/span><\/div><\/div><\/div><div class=\"wpb_column vc_column_container vc_col-sm-8\"><div class=\"vc_column-inner vc_custom_1539111939155\"><div class=\"wpb_wrapper\">\r\n\t<div  class=\"wpb_single_image wpb_content_element vc_align_left  vc_custom_1596197989400\">\r\n\t\t\r\n\t\t<figure class=\"wpb_wrapper vc_figure\">\r\n\t\t\t<div class=\"vc_single_image-wrapper img-wrapper   vc_box_border_grey\"><img loading=\"lazy\" decoding=\"async\" width=\"1600\" height=\"846\" src=\"https:\/\/brunnenhof-bruttig-fankel.de\/wp-content\/uploads\/2020\/07\/20200713_172135-scaled_1600.jpg\" class=\"vc_single_image-img attachment-full\" alt=\"\" title=\"20200713_172135-scaled_1600\" srcset=\"https:\/\/brunnenhof-bruttig-fankel.de\/wp-content\/uploads\/2020\/07\/20200713_172135-scaled_1600.jpg 1600w, https:\/\/brunnenhof-bruttig-fankel.de\/wp-content\/uploads\/2020\/07\/20200713_172135-scaled_1600-300x159.jpg 300w, https:\/\/brunnenhof-bruttig-fankel.de\/wp-content\/uploads\/2020\/07\/20200713_172135-scaled_1600-1024x541.jpg 1024w, https:\/\/brunnenhof-bruttig-fankel.de\/wp-content\/uploads\/2020\/07\/20200713_172135-scaled_1600-768x406.jpg 768w, https:\/\/brunnenhof-bruttig-fankel.de\/wp-content\/uploads\/2020\/07\/20200713_172135-scaled_1600-1536x812.jpg 1536w, https:\/\/brunnenhof-bruttig-fankel.de\/wp-content\/uploads\/2020\/07\/20200713_172135-scaled_1600-1144x605.jpg 1144w, https:\/\/brunnenhof-bruttig-fankel.de\/wp-content\/uploads\/2020\/07\/20200713_172135-scaled_1600-600x317.jpg 600w\" sizes=\"(max-width: 1600px) 100vw, 1600px\" \/><\/div>\r\n\t\t<\/figure>\r\n\t<\/div>\r\n<\/div><\/div><\/div><\/div><div class=\"vc_row-full-width vc_clearfix\"><\/div><div data-vc-full-width=\"true\" data-vc-full-width-init=\"false\" data-vc-stretch-content=\"true\" class=\"vc_row wpb_row vc_row-fluid vc_custom_1594279569116 vc_column-gap-0 vc_row-no-padding\"><div class=\"wpb_column vc_column_container vc_col-sm-12\"><div class=\"vc_column-inner\"><div class=\"wpb_wrapper\"><p style=\"color: #c19b76;text-align: center\" class=\"vc_custom_heading\" >WEINGUT &amp; PENSION<\/p><h2 style=\"text-align: center\" class=\"vc_custom_heading\" >Zimmer &amp; Apartments<\/h2><div id=\"ovd-3\" class=\"ozy-vertical_divider wpb_content_element\"><span class=\"h6-size heading-font\"><\/span><\/div><div id=\"hero-post-slides-4\" class=\"hero-post-slides\">\t<div class=\"slides-cont\">\t\t<div class=\"slides wpb_content_element carousel\" data-flickity='{\"groupCells\": \"80%\", \"pageDots\": false, \"imagesLoaded\": true,  \"autoPlay\": false, \"pauseAutoPlayOnHover\": true, \"prevNextButtons\": true, \"cellAlign\": \"center\" }'><div class=\"slide carousel-cell\" style=\"background-image: url(data:image\/png;base64,R0lGODlhAQABAAD\/ACwAAAAAAQABAAACADs=);\" data-bgsrc=\"https:\/\/brunnenhof-bruttig-fankel.de\/wp-content\/uploads\/2018\/10\/20200526_103411-1144x644.jpg\">\t<div class=\"number\">01<\/div>\t<div class=\"body\">\t\t<div class=\"location\">Single<\/div>\t\t<div class=\"headline heading-font-family\">Einzelzimmer<\/div>\t\t<a href=\"https:\/\/brunnenhof-bruttig-fankel.de\/en\/accommodation\/einzelzimmer\/\" target=\"_self\"><span class=\"link ozy-button auto\">View More<\/span><\/a>\t<\/div><\/div><div class=\"slide carousel-cell\" style=\"background-image: url(data:image\/png;base64,R0lGODlhAQABAAD\/ACwAAAAAAQABAAACADs=);\" data-bgsrc=\"https:\/\/brunnenhof-bruttig-fankel.de\/wp-content\/uploads\/2018\/10\/Doppelzimmer_9.jpg\">\t<div class=\"number\">02<\/div>\t<div class=\"body\">\t\t<div class=\"location\"><\/div>\t\t<div class=\"headline heading-font-family\">Doppelzimmer<\/div>\t\t<a href=\"https:\/\/brunnenhof-bruttig-fankel.de\/en\/accommodation\/doppelzimmer\/\" target=\"_self\"><span class=\"link ozy-button auto\">View More<\/span><\/a>\t<\/div><\/div><div class=\"slide carousel-cell\" style=\"background-image: url(data:image\/png;base64,R0lGODlhAQABAAD\/ACwAAAAAAQABAAACADs=);\" data-bgsrc=\"https:\/\/brunnenhof-bruttig-fankel.de\/wp-content\/uploads\/2018\/10\/20200526_104514-1144x644.jpg\">\t<div class=\"number\">03<\/div>\t<div class=\"body\">\t\t<div class=\"location\"><\/div>\t\t<div class=\"headline heading-font-family\">Doppelzimmer mit Balkon<\/div>\t\t<a href=\"https:\/\/brunnenhof-bruttig-fankel.de\/en\/accommodation\/doppelzimmer-mit-balkon\/\" target=\"_self\"><span class=\"link ozy-button auto\">View More<\/span><\/a>\t<\/div><\/div><div class=\"slide carousel-cell\" style=\"background-image: url(data:image\/png;base64,R0lGODlhAQABAAD\/ACwAAAAAAQABAAACADs=);\" data-bgsrc=\"https:\/\/brunnenhof-bruttig-fankel.de\/wp-content\/uploads\/2023\/09\/20220425_150113.jpg\">\t<div class=\"number\">04<\/div>\t<div class=\"body\">\t\t<div class=\"location\"><\/div>\t\t<div class=\"headline heading-font-family\">Studio Rivaner<\/div>\t\t<a href=\"https:\/\/brunnenhof-bruttig-fankel.de\/en\/accommodation\/studio-rivaner\/\" target=\"_self\"><span class=\"link ozy-button auto\">View More<\/span><\/a>\t<\/div><\/div><div class=\"slide carousel-cell\" style=\"background-image: url(data:image\/png;base64,R0lGODlhAQABAAD\/ACwAAAAAAQABAAACADs=);\" data-bgsrc=\"https:\/\/brunnenhof-bruttig-fankel.de\/wp-content\/uploads\/2018\/10\/Deluxe-Apartment_001-1144x644.jpg\">\t<div class=\"number\">05<\/div>\t<div class=\"body\">\t\t<div class=\"location\"><\/div>\t\t<div class=\"headline heading-font-family\">Appartement \u201eRiesling\u201c<\/div>\t\t<a href=\"https:\/\/brunnenhof-bruttig-fankel.de\/en\/accommodation\/deluxe-apartment\/\" target=\"_self\"><span class=\"link ozy-button auto\">View More<\/span><\/a>\t<\/div><\/div><div class=\"slide carousel-cell\" style=\"background-image: url(data:image\/png;base64,R0lGODlhAQABAAD\/ACwAAAAAAQABAAACADs=);\" data-bgsrc=\"https:\/\/brunnenhof-bruttig-fankel.de\/wp-content\/uploads\/2018\/01\/20220112_135000.jpg\">\t<div class=\"number\">06<\/div>\t<div class=\"body\">\t\t<div class=\"location\"><\/div>\t\t<div class=\"headline heading-font-family\">Ferienwohnung Vino<\/div>\t\t<a href=\"https:\/\/brunnenhof-bruttig-fankel.de\/en\/accommodation\/ferienwohnung-vino\/\" target=\"_self\"><span class=\"link ozy-button auto\">View More<\/span><\/a>\t<\/div><\/div>\t\t<\/div>\t<\/div><\/div><\/div><\/div><\/div><\/div><div class=\"vc_row-full-width vc_clearfix\"><\/div><div class=\"vc_row wpb_row vc_row-fluid vc_column-gap-0\"><div class=\"wpb_column vc_column_container vc_col-sm-12\"><div class=\"vc_column-inner\"><div class=\"wpb_wrapper\">\n\t<div class=\"wpb_text_column wpb_content_element\" >\n\t\t<div class=\"wpb_wrapper\">\n\t\t\t<p>T<\/p>\n\n\t\t<\/div>\n\t<\/div>\n<\/div><\/div><\/div><\/div>\n<\/div>","protected":false},"excerpt":{"rendered":"Gegen\u00fcber der G\u00e4stepension: Schicke und gro\u00dfz\u00fcgig konzipierte Ferienwohnung\u00a0 f\u00fcr 2 Personen mit Wohnk\u00fcche Sp\u00fclmaschine, Mikrowelle, Backofen, Toaster, Kaffeemaschine usw. Wohnraum mit Relaxsofa, W-lan, kleiner Schreibtisch, Sat-TV, Mikro-Stereo-Anlage, Spiele. Ein Doppelzimmer [...]","protected":false},"author":1,"featured_media":0,"parent":652,"menu_order":0,"comment_status":"closed","ping_status":"closed","template":"","meta":{"footnotes":""},"class_list":["post-1020","page","type-page","status-publish","hentry","has_thumb",null],"_links":{"self":[{"href":"https:\/\/brunnenhof-bruttig-fankel.de\/en\/wp-json\/wp\/v2\/pages\/1020","targetHints":{"allow":["GET"]}}],"collection":[{"href":"https:\/\/brunnenhof-bruttig-fankel.de\/en\/wp-json\/wp\/v2\/pages"}],"about":[{"href":"https:\/\/brunnenhof-bruttig-fankel.de\/en\/wp-json\/wp\/v2\/types\/page"}],"author":[{"embeddable":true,"href":"https:\/\/brunnenhof-bruttig-fankel.de\/en\/wp-json\/wp\/v2\/users\/1"}],"replies":[{"embeddable":true,"href":"https:\/\/brunnenhof-bruttig-fankel.de\/en\/wp-json\/wp\/v2\/comments?post=1020"}],"version-history":[{"count":54,"href":"https:\/\/brunnenhof-bruttig-fankel.de\/en\/wp-json\/wp\/v2\/pages\/1020\/revisions"}],"predecessor-version":[{"id":4165,"href":"https:\/\/brunnenhof-bruttig-fankel.de\/en\/wp-json\/wp\/v2\/pages\/1020\/revisions\/4165"}],"up":[{"embeddable":true,"href":"https:\/\/brunnenhof-bruttig-fankel.de\/en\/wp-json\/wp\/v2\/pages\/652"}],"wp:attachment":[{"href":"https:\/\/brunnenhof-bruttig-fankel.de\/en\/wp-json\/wp\/v2\/media?parent=1020"}],"curies":[{"name":"wp","href":"https:\/\/api.w.org\/{rel}","templated":true}]}}