{"id":1066,"date":"2018-10-10T18:37:20","date_gmt":"2018-10-10T18:37:20","guid":{"rendered":"https:\/\/sunway.freevision.me\/?page_id=1066"},"modified":"2020-07-09T09:49:05","modified_gmt":"2020-07-09T07:49:05","slug":"wegbeschreibung","status":"publish","type":"page","link":"https:\/\/brunnenhof-bruttig-fankel.de\/en\/ueber-uns\/wegbeschreibung\/","title":{"rendered":"Wegbeschreibung"},"content":{"rendered":"<div class=\"wpb-content-wrapper\"><div class=\"vc_row wpb_row vc_row-fluid vc_custom_1543003836186 vc_column-gap-0\"><div class=\"wpb_column vc_column_container vc_col-sm-12\"><div class=\"vc_column-inner vc_custom_1589883490069\"><div class=\"wpb_wrapper\"><h1 style=\"text-align: center;font-family:Playfair Display;font-weight:400;font-style:normal\" class=\"vc_custom_heading\" >Gute Anreise zum Brunnenhof<\/h1><h4 style=\"color: #c19b76;text-align: center;font-family:Playfair Display;font-weight:400;font-style:italic\" class=\"vc_custom_heading\" >Ihr Urlaub beginnt bereits mit der Anfahrt zum Brunnenhof.<\/h4><h6 style=\"text-align: center\" class=\"vc_custom_heading vc_custom_1589314322274\" >Damit Ihre Anreise so entspannt und erholsam wie m\u00f6glich ist, habe wir Ihnen<br \/>\nhier die M\u00f6glichkeiten zusammengestellt uns in Bruttig-Fankel zu erreichen:<br>\nIhr Anreise nach Bruttig-Fankel<\/h6><div class=\"vc_row wpb_row vc_inner vc_row-fluid vc_custom_1543003651066\"><div class=\"wpb_column vc_column_container vc_col-sm-4\"><div class=\"vc_column-inner\"><div class=\"wpb_wrapper\">\r\n\t<div  class=\"wpb_single_image wpb_content_element vc_align_center\">\r\n\t\t\r\n\t\t<figure class=\"wpb_wrapper vc_figure\">\r\n\t\t\t<div class=\"vc_single_image-wrapper img-wrapper   vc_box_border_grey\"><img fetchpriority=\"high\" decoding=\"async\" width=\"600\" height=\"400\" src=\"https:\/\/brunnenhof-bruttig-fankel.de\/wp-content\/uploads\/2020\/05\/wegbeschreibung_2.jpg\" class=\"vc_single_image-img attachment-full\" alt=\"\" title=\"wegbeschreibung_2\" srcset=\"https:\/\/brunnenhof-bruttig-fankel.de\/wp-content\/uploads\/2020\/05\/wegbeschreibung_2.jpg 600w, https:\/\/brunnenhof-bruttig-fankel.de\/wp-content\/uploads\/2020\/05\/wegbeschreibung_2-300x200.jpg 300w\" sizes=\"(max-width: 600px) 100vw, 600px\" \/><\/div>\r\n\t\t<\/figure>\r\n\t<\/div>\r\n<div id=\"oabx-1\" style=\"--data-bgcolor:rgba(0,0,0,0.7)\" class=\"ozy-arrow_box arrow-TOP\"><\/p>\n<h4 style=\"text-align: center;\">Gute Anreise zum Brunnenhof&#8230; mit dem Auto<\/h4>\n<p>Vom Autobahnkreuz Flughafen K\u00f6ln-Bonn auf die A59 Richtung Bonn, am Autobahndreieck Bonn-Beuel auf die A565 in Richtung Koblenz, am Autobahnkreuz Meckenheim auf die A61, weiter Richtung Koblenz, bis zur Abfahrt Mayen\/Mendig. Dort die Autobahn verlassen und weiter in Richtung Mayen. Weiter bis auf die Autobahn A 48 in Richtung Trier. Auf der Autobahn bis zur Abfahrt Kaisersesch\/Cochem. Hier Abfahren und weiter bis nach Cochem.<br \/>\n\u00dcber die Moselbr\u00fccke geradeaus fahren, dann rechts halten und 8 km fahren bis nach Bruttig-Fankel. Den Ortsteil Bruttig passieren und anschlie\u00dfend den kommenden Kreisverkehr an der dritten Ausfahrt in Richtung Kastellaun verlassen. Nun, im Ortsteil \u201eFankel\u201c, biegen Sie an der zweiten Kreuzung nach rechts in die Weinberge ab und befinden sich in der Brunnenstra\u00dfe. Sie fahren direkt auf den Brunnenhof<\/div><div class=\"vc_empty_space\"   style=\"height: 30px\"><span class=\"vc_empty_space_inner\"><\/span><\/div><\/div><\/div><\/div><div class=\"wpb_column vc_column_container vc_col-sm-4\"><div class=\"vc_column-inner\"><div class=\"wpb_wrapper\">\r\n\t<div  class=\"wpb_single_image wpb_content_element vc_align_center\">\r\n\t\t\r\n\t\t<figure class=\"wpb_wrapper vc_figure\">\r\n\t\t\t<div class=\"vc_single_image-wrapper img-wrapper   vc_box_border_grey\"><img decoding=\"async\" width=\"640\" height=\"460\" src=\"https:\/\/brunnenhof-bruttig-fankel.de\/wp-content\/uploads\/2020\/05\/wegbeschreibung_3.jpg\" class=\"vc_single_image-img attachment-full\" alt=\"\" title=\"wegbeschreibung_3\" srcset=\"https:\/\/brunnenhof-bruttig-fankel.de\/wp-content\/uploads\/2020\/05\/wegbeschreibung_3.jpg 640w, https:\/\/brunnenhof-bruttig-fankel.de\/wp-content\/uploads\/2020\/05\/wegbeschreibung_3-600x431.jpg 600w, https:\/\/brunnenhof-bruttig-fankel.de\/wp-content\/uploads\/2020\/05\/wegbeschreibung_3-300x216.jpg 300w\" sizes=\"(max-width: 640px) 100vw, 640px\" \/><\/div>\r\n\t\t<\/figure>\r\n\t<\/div>\r\n<div id=\"oabx-2\" style=\"--data-bgcolor:rgba(0,0,0,0.7)\" class=\"ozy-arrow_box arrow-TOP\"><\/p>\n<h4 style=\"text-align: center;\">Gute Anreise zum Brunnenhof&#8230; mit der Bahn<\/h4>\n<p>Regionalbahnhof: Cochem<br \/>\nSelbstverst\u00e4ndlich holen wir Sie pers\u00f6nlich in Cochem ab, wenn Sie uns Ihre Ankunftsdaten fr\u00fchzeitig durchgeben.<br \/>\nWir reservieren Ihnen aber auch gerne eine Taxi vom Bahnhof zu uns bei<br \/>\nCharlys Taxi (Tel: 02673-1877)<\/p>\n<p><a title=\"Deutsche Bahn\" href=\"https:\/\/www.bahn.de\/\" target=\"_blank\" rel=\"noopener noreferrer\">Klicken Sie hier f\u00fcr die Routenplanung der Deutschen Bahn<\/a><\/div><div class=\"vc_empty_space\"   style=\"height: 30px\"><span class=\"vc_empty_space_inner\"><\/span><\/div><\/div><\/div><\/div><div class=\"wpb_column vc_column_container vc_col-sm-4\"><div class=\"vc_column-inner\"><div class=\"wpb_wrapper\">\r\n\t<div  class=\"wpb_single_image wpb_content_element vc_align_center\">\r\n\t\t\r\n\t\t<figure class=\"wpb_wrapper vc_figure\">\r\n\t\t\t<div class=\"vc_single_image-wrapper img-wrapper   vc_box_border_grey\"><img decoding=\"async\" width=\"640\" height=\"426\" src=\"https:\/\/brunnenhof-bruttig-fankel.de\/wp-content\/uploads\/2020\/05\/wegbeschreibung_5.jpg\" class=\"vc_single_image-img attachment-full\" alt=\"\" title=\"wegbeschreibung_5\" srcset=\"https:\/\/brunnenhof-bruttig-fankel.de\/wp-content\/uploads\/2020\/05\/wegbeschreibung_5.jpg 640w, https:\/\/brunnenhof-bruttig-fankel.de\/wp-content\/uploads\/2020\/05\/wegbeschreibung_5-600x399.jpg 600w, https:\/\/brunnenhof-bruttig-fankel.de\/wp-content\/uploads\/2020\/05\/wegbeschreibung_5-300x200.jpg 300w\" sizes=\"(max-width: 640px) 100vw, 640px\" \/><\/div>\r\n\t\t<\/figure>\r\n\t<\/div>\r\n<div id=\"oabx-3\" style=\"--data-bgcolor:rgba(0,0,0,0.7)\" class=\"ozy-arrow_box arrow-TOP\"><\/p>\n<h4 style=\"text-align: center;\">Gute Anreise zum Brunnenhof&#8230; mit dem Rad<\/h4>\n<p>Sie wandern oder reisen mit dem Fahrrad?<\/p>\n<p>Hier ist die Moselstrecke rechts und linksseitig f\u00fcr Radler interessant<br \/>\nWir liegen von Trier aus gesehen auf der rechten Moselseite.<\/p>\n<p>Sie finden uns im Ortsteil Fankel oberhalb der Kirche.<\/div><div class=\"vc_empty_space\"   style=\"height: 30px\"><span class=\"vc_empty_space_inner\"><\/span><\/div><\/div><\/div><\/div><\/div><\/div><\/div><\/div><\/div>\n<\/div>","protected":false},"excerpt":{"rendered":"Gute Anreise zum BrunnenhofIhr Urlaub beginnt bereits mit der Anfahrt zum Brunnenhof.Damit Ihre Anreise so entspannt und erholsam wie m\u00f6glich ist, habe wir Ihnen hier die M\u00f6glichkeiten zusammengestellt uns in [...]","protected":false},"author":1,"featured_media":0,"parent":652,"menu_order":0,"comment_status":"closed","ping_status":"closed","template":"","meta":{"footnotes":""},"class_list":["post-1066","page","type-page","status-publish","hentry",null],"_links":{"self":[{"href":"https:\/\/brunnenhof-bruttig-fankel.de\/en\/wp-json\/wp\/v2\/pages\/1066","targetHints":{"allow":["GET"]}}],"collection":[{"href":"https:\/\/brunnenhof-bruttig-fankel.de\/en\/wp-json\/wp\/v2\/pages"}],"about":[{"href":"https:\/\/brunnenhof-bruttig-fankel.de\/en\/wp-json\/wp\/v2\/types\/page"}],"author":[{"embeddable":true,"href":"https:\/\/brunnenhof-bruttig-fankel.de\/en\/wp-json\/wp\/v2\/users\/1"}],"replies":[{"embeddable":true,"href":"https:\/\/brunnenhof-bruttig-fankel.de\/en\/wp-json\/wp\/v2\/comments?post=1066"}],"version-history":[{"count":0,"href":"https:\/\/brunnenhof-bruttig-fankel.de\/en\/wp-json\/wp\/v2\/pages\/1066\/revisions"}],"up":[{"embeddable":true,"href":"https:\/\/brunnenhof-bruttig-fankel.de\/en\/wp-json\/wp\/v2\/pages\/652"}],"wp:attachment":[{"href":"https:\/\/brunnenhof-bruttig-fankel.de\/en\/wp-json\/wp\/v2\/media?parent=1066"}],"curies":[{"name":"wp","href":"https:\/\/api.w.org\/{rel}","templated":true}]}}